{"id":530,"date":"2018-06-04T15:27:19","date_gmt":"2018-06-04T13:27:19","guid":{"rendered":"https:\/\/teilhabeberatung-verden-osterholz.de\/?page_id=530"},"modified":"2025-03-25T15:07:29","modified_gmt":"2025-03-25T14:07:29","slug":"ueber-uns","status":"publish","type":"page","link":"https:\/\/teilhabeberatung-verden-osterholz.de\/ls\/ueber-uns\/","title":{"rendered":"\u00dcber uns"},"content":{"rendered":"<!-- RS_MODULE_CODE_2.4.4 --><div id=\"readspeaker_button530\" class=\"rs_skip rsbtn rs_preserve\"><a class=\"rsbtn_play\" title=\"Um den Text anzuh&ouml;ren, verwenden Sie bitte ReadSpeaker\" accesskey=\"L\" href=\"\/\/app-eu.readspeaker.com\/cgi-bin\/rsent?customerid=10121&amp;lang=de_de&amp;readid=rspeak_read_530&amp;url=https%3A%2F%2Fteilhabeberatung-verden-osterholz.de%2Fls%2Fwp-json%2Fwp%2Fv2%2Fpages%2F530\">\n        <span class=\"rsbtn_left rsimg rspart\"><span class=\"rsbtn_text\"><span>Vorlesen<\/span><\/span><\/span>\n        <span class=\"rsbtn_right rsimg rsplay rspart\"><\/span>\n        <\/a><\/div><div id=\"rspeak_read_530\"><div class=\"wp-block-image\">\n<figure class=\"alignleft\"><img loading=\"lazy\" decoding=\"async\" width=\"200\" height=\"203\" src=\"https:\/\/eutb.test.lakrizz.de\/wp-content\/uploads\/netzwerk-323-200x203.png\" alt=\"Netzwerk\" class=\"wp-image-674\" srcset=\"https:\/\/teilhabeberatung-verden-osterholz.de\/wp-content\/uploads\/netzwerk-323-200x203.png 200w, https:\/\/teilhabeberatung-verden-osterholz.de\/wp-content\/uploads\/netzwerk-323-768x778.png 768w, https:\/\/teilhabeberatung-verden-osterholz.de\/wp-content\/uploads\/netzwerk-323-1010x1024.png 1010w, https:\/\/teilhabeberatung-verden-osterholz.de\/wp-content\/uploads\/netzwerk-323-960x973.png 960w\" sizes=\"auto, (max-width: 200px) 100vw, 200px\" \/><\/figure>\n<\/div>\n\n\n<p>Es gibt unseren Verein seit dem Jahr 2017.<br>Verschiedene Organisationen haben den Verein zusammen gegr\u00fcndet.<\/p>\n\n\n\n<p>Wir k\u00fcmmern uns darum,<\/p>\n\n\n\n<ul class=\"wp-block-list\">\n<li>dass es EUTB\u00ae-Angebote in Verden gibt.<\/li>\n\n\n\n<li>dass es EUTB\u00ae-Angebote in Lilienthal gibt.<\/li>\n\n\n\n<li>dass es EUTB\u00ae-Angebote in der N\u00e4he gibt.<\/li>\n<\/ul>\n\n\n\n<hr class=\"wp-block-separator has-alpha-channel-opacity\"\/>\n\n\n<div class=\"wp-block-image\">\n<figure class=\"alignleft\"><img loading=\"lazy\" decoding=\"async\" width=\"200\" height=\"150\" src=\"https:\/\/eutb.test.lakrizz.de\/wp-content\/uploads\/beratung2-070-200x150.png\" alt=\"Beratung\" class=\"wp-image-644\" srcset=\"https:\/\/teilhabeberatung-verden-osterholz.de\/wp-content\/uploads\/beratung2-070-200x150.png 200w, https:\/\/teilhabeberatung-verden-osterholz.de\/wp-content\/uploads\/beratung2-070-768x574.png 768w, https:\/\/teilhabeberatung-verden-osterholz.de\/wp-content\/uploads\/beratung2-070-1024x766.png 1024w, https:\/\/teilhabeberatung-verden-osterholz.de\/wp-content\/uploads\/beratung2-070-960x718.png 960w\" sizes=\"auto, (max-width: 200px) 100vw, 200px\" \/><\/figure>\n<\/div>\n\n\n<p>Das wichtigste Ziel vom Verein ist die Beratung von Menschen mit Behinderung.<br>Sie sollen die Hilfe bekommen, die sie brauchen.<br>Sie sollen \u00fcberall dabei sein und mitmachen k\u00f6nnen.<\/p>\n\n\n\n<hr class=\"wp-block-separator has-alpha-channel-opacity\"\/>\n\n\n<div class=\"wp-block-image\">\n<figure class=\"alignleft\"><img loading=\"lazy\" decoding=\"async\" width=\"200\" height=\"168\" src=\"https:\/\/eutb.test.lakrizz.de\/wp-content\/uploads\/schreiben-379-200x168.png\" alt=\"schreiben\" class=\"wp-image-615\" srcset=\"https:\/\/teilhabeberatung-verden-osterholz.de\/wp-content\/uploads\/schreiben-379-200x168.png 200w, https:\/\/teilhabeberatung-verden-osterholz.de\/wp-content\/uploads\/schreiben-379-768x647.png 768w, https:\/\/teilhabeberatung-verden-osterholz.de\/wp-content\/uploads\/schreiben-379-1024x863.png 1024w, https:\/\/teilhabeberatung-verden-osterholz.de\/wp-content\/uploads\/schreiben-379-960x809.png 960w, https:\/\/teilhabeberatung-verden-osterholz.de\/wp-content\/uploads\/schreiben-379.png 1860w\" sizes=\"auto, (max-width: 200px) 100vw, 200px\" \/><\/figure>\n<\/div>\n\n\n<p>Wir haben die Ziele vom Verein aufgeschrieben.<br>Das nennt man: Satzung.<br>Sie k\u00f6nnen die Satzung vom Verein lesen.<br>Sie finden die Satzung <a href=\"https:\/\/teilhabeberatung-verden-osterholz.de\/wp-content\/uploads\/satzung_teilhabeberatung.pdf\" target=\"_blank\" rel=\"noreferrer noopener nofollow\">\u00bb hier<\/a>.<\/p>\n\n\n\n<hr class=\"wp-block-separator has-alpha-channel-opacity\"\/>\n\n\n<div class=\"wp-block-image\">\n<figure class=\"alignleft\"><img loading=\"lazy\" decoding=\"async\" width=\"200\" height=\"232\" src=\"https:\/\/eutb.test.lakrizz.de\/wp-content\/uploads\/Geld-bekommen2-730-200x232.png\" alt=\"Geld bekommen\" class=\"wp-image-677\" srcset=\"https:\/\/teilhabeberatung-verden-osterholz.de\/wp-content\/uploads\/Geld-bekommen2-730-200x232.png 200w, https:\/\/teilhabeberatung-verden-osterholz.de\/wp-content\/uploads\/Geld-bekommen2-730-768x893.png 768w, https:\/\/teilhabeberatung-verden-osterholz.de\/wp-content\/uploads\/Geld-bekommen2-730-881x1024.png 881w, https:\/\/teilhabeberatung-verden-osterholz.de\/wp-content\/uploads\/Geld-bekommen2-730-960x1116.png 960w, https:\/\/teilhabeberatung-verden-osterholz.de\/wp-content\/uploads\/Geld-bekommen2-730.png 1773w\" sizes=\"auto, (max-width: 200px) 100vw, 200px\" \/><\/figure>\n<\/div>\n\n\n<p>Die Mitglieder geben Geld f\u00fcr den Verein.<br>Sie planen die Arbeit vom Verein.<br>Aber die Mitglieder bestimmen nicht, wie wir die Beratung im Verein machen.<\/p>\n\n\n\n<hr class=\"wp-block-separator has-alpha-channel-opacity\"\/>\n\n\n<div class=\"wp-block-image\">\n<figure class=\"alignleft\"><img loading=\"lazy\" decoding=\"async\" width=\"200\" height=\"152\" src=\"https:\/\/eutb.test.lakrizz.de\/wp-content\/uploads\/assistenz_erklaeren-031-200x152.png\" alt=\"Assistenz \/ erkl\u00e4ren\" class=\"wp-image-680\" srcset=\"https:\/\/teilhabeberatung-verden-osterholz.de\/wp-content\/uploads\/assistenz_erklaeren-031-200x152.png 200w, https:\/\/teilhabeberatung-verden-osterholz.de\/wp-content\/uploads\/assistenz_erklaeren-031-768x584.png 768w, https:\/\/teilhabeberatung-verden-osterholz.de\/wp-content\/uploads\/assistenz_erklaeren-031-1024x779.png 1024w, https:\/\/teilhabeberatung-verden-osterholz.de\/wp-content\/uploads\/assistenz_erklaeren-031-960x730.png 960w\" sizes=\"auto, (max-width: 200px) 100vw, 200px\" \/><\/figure>\n<\/div>\n\n\n<p>Der Verein k\u00fcmmert sich selbst darum, wie er die EUTB\u00ae-Beratung macht.<br>Unsere Berater machen die Beratung so, wie Sie es wollen und brauchen.<br>Unsere Berater sind Mitarbeiter vom Verein.<\/p>\n\n\n\n<hr class=\"wp-block-separator has-alpha-channel-opacity\"\/>\n\n\n\n<h3 class=\"wp-block-heading\">Regeln f\u00fcr unsere Beratung<\/h3>\n\n\n<div class=\"wp-block-image\">\n<figure class=\"alignleft\"><img loading=\"lazy\" decoding=\"async\" width=\"200\" height=\"213\" src=\"https:\/\/eutb.test.lakrizz.de\/wp-content\/uploads\/ich-242-200x213.png\" alt=\"Ich\" class=\"wp-image-647\" srcset=\"https:\/\/teilhabeberatung-verden-osterholz.de\/wp-content\/uploads\/ich-242-200x213.png 200w, https:\/\/teilhabeberatung-verden-osterholz.de\/wp-content\/uploads\/ich-242-768x817.png 768w, https:\/\/teilhabeberatung-verden-osterholz.de\/wp-content\/uploads\/ich-242-963x1024.png 963w, https:\/\/teilhabeberatung-verden-osterholz.de\/wp-content\/uploads\/ich-242-960x1021.png 960w, https:\/\/teilhabeberatung-verden-osterholz.de\/wp-content\/uploads\/ich-242.png 2028w\" sizes=\"auto, (max-width: 200px) 100vw, 200px\" \/><\/figure>\n<\/div>\n\n\n<p><strong>Kein<\/strong> anderer bestimmt, wie die Beratung sein soll.<br>Zum Beispiel <strong>kein<\/strong> Amt, von dem Sie Geld bekommen.<\/p>\n\n\n\n<p>Unsere Berater machen die Beratung so,<br>wie Sie es brauchen und wollen.<\/p>\n<\/div>","protected":false},"excerpt":{"rendered":"<!-- RS_MODULE_CODE_2.4.4 --><div id=\"readspeaker_button530\" class=\"rs_skip rsbtn rs_preserve\"><a class=\"rsbtn_play\" title=\"Um den Text anzuh&ouml;ren, verwenden Sie bitte ReadSpeaker\" accesskey=\"L\" href=\"\/\/app-eu.readspeaker.com\/cgi-bin\/rsent?customerid=10121&amp;lang=de_de&amp;readid=rspeak_read_530&amp;url=https%3A%2F%2Fteilhabeberatung-verden-osterholz.de%2Fls%2Fwp-json%2Fwp%2Fv2%2Fpages%2F530\">\n        <span class=\"rsbtn_left rsimg rspart\"><span class=\"rsbtn_text\"><span>Vorlesen<\/span><\/span><\/span>\n        <span class=\"rsbtn_right rsimg rsplay rspart\"><\/span>\n        <\/a><\/div><div id=\"rspeak_read_530\"><p> Es gibt unseren Verein seit dem Jahr 2017.Verschiedene Organisationen haben den Verein zusammen gegr\u00fcndet. Wir k\u00fcmmern uns darum, Das wichtigste Ziel vom Verein ist die Beratung von Menschen mit Behinderung.Sie sollen die Hilfe bekommen, die sie brauchen.Sie sollen \u00fcberall dabei sein und mitmachen k\u00f6nnen. Wir haben die Ziele vom Verein aufgeschrieben.Das nennt man: Satzung.Sie&hellip; <a class=\"more-link\" href=\"https:\/\/teilhabeberatung-verden-osterholz.de\/ls\/ueber-uns\/\">Continue reading <span class=\"screen-reader-text\">\u00dcber uns<\/span><\/a><\/p>\n<\/div>","protected":false},"author":1,"featured_media":0,"parent":0,"menu_order":1,"comment_status":"closed","ping_status":"closed","template":"","meta":{"_acf_changed":false,"footnotes":""},"class_list":["post-530","page","type-page","status-publish","hentry","entry"],"acf":[],"yoast_head":"<!-- This site is optimized with the Yoast SEO plugin v26.7 - https:\/\/yoast.com\/wordpress\/plugins\/seo\/ -->\n<title>\u00dcber uns - Erg\u00e4nzende unabh\u00e4ngige Teilhabeberatung Aller-Weser-W\u00fcmme e.V.<\/title>\n<meta name=\"robots\" content=\"index, follow, max-snippet:-1, max-image-preview:large, max-video-preview:-1\" \/>\n<link rel=\"canonical\" href=\"https:\/\/teilhabeberatung-verden-osterholz.de\/ls\/ueber-uns\/\" \/>\n<meta property=\"og:locale\" content=\"en_US\" \/>\n<meta property=\"og:type\" content=\"article\" \/>\n<meta property=\"og:title\" content=\"\u00dcber uns - Erg\u00e4nzende unabh\u00e4ngige Teilhabeberatung Aller-Weser-W\u00fcmme e.V.\" \/>\n<meta property=\"og:description\" content=\"Vorlesen Es gibt unseren Verein seit dem Jahr 2017.Verschiedene Organisationen haben den Verein zusammen gegr\u00fcndet. Wir k\u00fcmmern uns darum, Das wichtigste Ziel vom Verein ist die Beratung von Menschen mit Behinderung.Sie sollen die Hilfe bekommen, die sie brauchen.Sie sollen \u00fcberall dabei sein und mitmachen k\u00f6nnen. Wir haben die Ziele vom Verein aufgeschrieben.Das nennt man: Satzung.Sie&hellip; Continue reading \u00dcber uns\" \/>\n<meta property=\"og:url\" content=\"https:\/\/teilhabeberatung-verden-osterholz.de\/ls\/ueber-uns\/\" \/>\n<meta property=\"og:site_name\" content=\"Erg\u00e4nzende unabh\u00e4ngige Teilhabeberatung Aller-Weser-W\u00fcmme e.V.\" \/>\n<meta property=\"article:modified_time\" content=\"2025-03-25T14:07:29+00:00\" \/>\n<meta property=\"og:image\" content=\"https:\/\/teilhabeberatung-verden-osterholz.de\/wp-content\/uploads\/netzwerk-323.png\" \/>\n\t<meta property=\"og:image:width\" content=\"2598\" \/>\n\t<meta property=\"og:image:height\" content=\"2633\" \/>\n\t<meta property=\"og:image:type\" content=\"image\/png\" \/>\n<script type=\"application\/ld+json\" class=\"yoast-schema-graph\">{\"@context\":\"https:\/\/schema.org\",\"@graph\":[{\"@type\":\"WebPage\",\"@id\":\"https:\/\/teilhabeberatung-verden-osterholz.de\/ls\/ueber-uns\/\",\"url\":\"https:\/\/teilhabeberatung-verden-osterholz.de\/ls\/ueber-uns\/\",\"name\":\"\u00dcber uns - Erg\u00e4nzende unabh\u00e4ngige Teilhabeberatung Aller-Weser-W\u00fcmme e.V.\",\"isPartOf\":{\"@id\":\"https:\/\/teilhabeberatung-verden-osterholz.de\/ls\/#website\"},\"primaryImageOfPage\":{\"@id\":\"https:\/\/teilhabeberatung-verden-osterholz.de\/ls\/ueber-uns\/#primaryimage\"},\"image\":{\"@id\":\"https:\/\/teilhabeberatung-verden-osterholz.de\/ls\/ueber-uns\/#primaryimage\"},\"thumbnailUrl\":\"https:\/\/eutb.test.lakrizz.de\/wp-content\/uploads\/netzwerk-323-200x203.png\",\"datePublished\":\"2018-06-04T13:27:19+00:00\",\"dateModified\":\"2025-03-25T14:07:29+00:00\",\"breadcrumb\":{\"@id\":\"https:\/\/teilhabeberatung-verden-osterholz.de\/ls\/ueber-uns\/#breadcrumb\"},\"inLanguage\":\"ls\",\"potentialAction\":[{\"@type\":\"ReadAction\",\"target\":[\"https:\/\/teilhabeberatung-verden-osterholz.de\/ls\/ueber-uns\/\"]}]},{\"@type\":\"ImageObject\",\"inLanguage\":\"ls\",\"@id\":\"https:\/\/teilhabeberatung-verden-osterholz.de\/ls\/ueber-uns\/#primaryimage\",\"url\":\"https:\/\/eutb.test.lakrizz.de\/wp-content\/uploads\/netzwerk-323-200x203.png\",\"contentUrl\":\"https:\/\/eutb.test.lakrizz.de\/wp-content\/uploads\/netzwerk-323-200x203.png\"},{\"@type\":\"BreadcrumbList\",\"@id\":\"https:\/\/teilhabeberatung-verden-osterholz.de\/ls\/ueber-uns\/#breadcrumb\",\"itemListElement\":[{\"@type\":\"ListItem\",\"position\":1,\"name\":\"Startseite\",\"item\":\"https:\/\/teilhabeberatung-verden-osterholz.de\/ls\/\"},{\"@type\":\"ListItem\",\"position\":2,\"name\":\"\u00dcber uns\"}]},{\"@type\":\"WebSite\",\"@id\":\"https:\/\/teilhabeberatung-verden-osterholz.de\/ls\/#website\",\"url\":\"https:\/\/teilhabeberatung-verden-osterholz.de\/ls\/\",\"name\":\"Erg\u00e4nzende unabh\u00e4ngige Teilhabeberatung Aller-Weser-W\u00fcmme e.V.\",\"description\":\"Beratungsstellen Verden &amp; Lilienthal Landkreis Osterholz\",\"publisher\":{\"@id\":\"https:\/\/teilhabeberatung-verden-osterholz.de\/ls\/#organization\"},\"potentialAction\":[{\"@type\":\"SearchAction\",\"target\":{\"@type\":\"EntryPoint\",\"urlTemplate\":\"https:\/\/teilhabeberatung-verden-osterholz.de\/ls\/?s={search_term_string}\"},\"query-input\":{\"@type\":\"PropertyValueSpecification\",\"valueRequired\":true,\"valueName\":\"search_term_string\"}}],\"inLanguage\":\"ls\"},{\"@type\":\"Organization\",\"@id\":\"https:\/\/teilhabeberatung-verden-osterholz.de\/ls\/#organization\",\"name\":\"Erg\u00e4nzende unabh\u00e4ngige Teilhabeberatung Aller-Weser-W\u00fcmme e.V.\",\"url\":\"https:\/\/teilhabeberatung-verden-osterholz.de\/ls\/\",\"logo\":{\"@type\":\"ImageObject\",\"inLanguage\":\"ls\",\"@id\":\"https:\/\/teilhabeberatung-verden-osterholz.de\/ls\/#\/schema\/logo\/image\/\",\"url\":\"https:\/\/teilhabeberatung-verden-osterholz.de\/wp-content\/uploads\/logo-eutb-1.svg\",\"contentUrl\":\"https:\/\/teilhabeberatung-verden-osterholz.de\/wp-content\/uploads\/logo-eutb-1.svg\",\"caption\":\"Erg\u00e4nzende unabh\u00e4ngige Teilhabeberatung Aller-Weser-W\u00fcmme e.V.\"},\"image\":{\"@id\":\"https:\/\/teilhabeberatung-verden-osterholz.de\/ls\/#\/schema\/logo\/image\/\"}}]}<\/script>\n<!-- \/ Yoast SEO plugin. -->","yoast_head_json":{"title":"\u00dcber uns - Erg\u00e4nzende unabh\u00e4ngige Teilhabeberatung Aller-Weser-W\u00fcmme e.V.","robots":{"index":"index","follow":"follow","max-snippet":"max-snippet:-1","max-image-preview":"max-image-preview:large","max-video-preview":"max-video-preview:-1"},"canonical":"https:\/\/teilhabeberatung-verden-osterholz.de\/ls\/ueber-uns\/","og_locale":"en_US","og_type":"article","og_title":"\u00dcber uns - Erg\u00e4nzende unabh\u00e4ngige Teilhabeberatung Aller-Weser-W\u00fcmme e.V.","og_description":"Vorlesen Es gibt unseren Verein seit dem Jahr 2017.Verschiedene Organisationen haben den Verein zusammen gegr\u00fcndet. Wir k\u00fcmmern uns darum, Das wichtigste Ziel vom Verein ist die Beratung von Menschen mit Behinderung.Sie sollen die Hilfe bekommen, die sie brauchen.Sie sollen \u00fcberall dabei sein und mitmachen k\u00f6nnen. Wir haben die Ziele vom Verein aufgeschrieben.Das nennt man: Satzung.Sie&hellip; Continue reading \u00dcber uns","og_url":"https:\/\/teilhabeberatung-verden-osterholz.de\/ls\/ueber-uns\/","og_site_name":"Erg\u00e4nzende unabh\u00e4ngige Teilhabeberatung Aller-Weser-W\u00fcmme e.V.","article_modified_time":"2025-03-25T14:07:29+00:00","og_image":[{"width":2598,"height":2633,"url":"https:\/\/teilhabeberatung-verden-osterholz.de\/wp-content\/uploads\/netzwerk-323.png","type":"image\/png"}],"schema":{"@context":"https:\/\/schema.org","@graph":[{"@type":"WebPage","@id":"https:\/\/teilhabeberatung-verden-osterholz.de\/ls\/ueber-uns\/","url":"https:\/\/teilhabeberatung-verden-osterholz.de\/ls\/ueber-uns\/","name":"\u00dcber uns - Erg\u00e4nzende unabh\u00e4ngige Teilhabeberatung Aller-Weser-W\u00fcmme e.V.","isPartOf":{"@id":"https:\/\/teilhabeberatung-verden-osterholz.de\/ls\/#website"},"primaryImageOfPage":{"@id":"https:\/\/teilhabeberatung-verden-osterholz.de\/ls\/ueber-uns\/#primaryimage"},"image":{"@id":"https:\/\/teilhabeberatung-verden-osterholz.de\/ls\/ueber-uns\/#primaryimage"},"thumbnailUrl":"https:\/\/eutb.test.lakrizz.de\/wp-content\/uploads\/netzwerk-323-200x203.png","datePublished":"2018-06-04T13:27:19+00:00","dateModified":"2025-03-25T14:07:29+00:00","breadcrumb":{"@id":"https:\/\/teilhabeberatung-verden-osterholz.de\/ls\/ueber-uns\/#breadcrumb"},"inLanguage":"ls","potentialAction":[{"@type":"ReadAction","target":["https:\/\/teilhabeberatung-verden-osterholz.de\/ls\/ueber-uns\/"]}]},{"@type":"ImageObject","inLanguage":"ls","@id":"https:\/\/teilhabeberatung-verden-osterholz.de\/ls\/ueber-uns\/#primaryimage","url":"https:\/\/eutb.test.lakrizz.de\/wp-content\/uploads\/netzwerk-323-200x203.png","contentUrl":"https:\/\/eutb.test.lakrizz.de\/wp-content\/uploads\/netzwerk-323-200x203.png"},{"@type":"BreadcrumbList","@id":"https:\/\/teilhabeberatung-verden-osterholz.de\/ls\/ueber-uns\/#breadcrumb","itemListElement":[{"@type":"ListItem","position":1,"name":"Startseite","item":"https:\/\/teilhabeberatung-verden-osterholz.de\/ls\/"},{"@type":"ListItem","position":2,"name":"\u00dcber uns"}]},{"@type":"WebSite","@id":"https:\/\/teilhabeberatung-verden-osterholz.de\/ls\/#website","url":"https:\/\/teilhabeberatung-verden-osterholz.de\/ls\/","name":"Erg\u00e4nzende unabh\u00e4ngige Teilhabeberatung Aller-Weser-W\u00fcmme e.V.","description":"Beratungsstellen Verden &amp; Lilienthal Landkreis Osterholz","publisher":{"@id":"https:\/\/teilhabeberatung-verden-osterholz.de\/ls\/#organization"},"potentialAction":[{"@type":"SearchAction","target":{"@type":"EntryPoint","urlTemplate":"https:\/\/teilhabeberatung-verden-osterholz.de\/ls\/?s={search_term_string}"},"query-input":{"@type":"PropertyValueSpecification","valueRequired":true,"valueName":"search_term_string"}}],"inLanguage":"ls"},{"@type":"Organization","@id":"https:\/\/teilhabeberatung-verden-osterholz.de\/ls\/#organization","name":"Erg\u00e4nzende unabh\u00e4ngige Teilhabeberatung Aller-Weser-W\u00fcmme e.V.","url":"https:\/\/teilhabeberatung-verden-osterholz.de\/ls\/","logo":{"@type":"ImageObject","inLanguage":"ls","@id":"https:\/\/teilhabeberatung-verden-osterholz.de\/ls\/#\/schema\/logo\/image\/","url":"https:\/\/teilhabeberatung-verden-osterholz.de\/wp-content\/uploads\/logo-eutb-1.svg","contentUrl":"https:\/\/teilhabeberatung-verden-osterholz.de\/wp-content\/uploads\/logo-eutb-1.svg","caption":"Erg\u00e4nzende unabh\u00e4ngige Teilhabeberatung Aller-Weser-W\u00fcmme e.V."},"image":{"@id":"https:\/\/teilhabeberatung-verden-osterholz.de\/ls\/#\/schema\/logo\/image\/"}}]}},"_links":{"self":[{"href":"https:\/\/teilhabeberatung-verden-osterholz.de\/ls\/wp-json\/wp\/v2\/pages\/530","targetHints":{"allow":["GET"]}}],"collection":[{"href":"https:\/\/teilhabeberatung-verden-osterholz.de\/ls\/wp-json\/wp\/v2\/pages"}],"about":[{"href":"https:\/\/teilhabeberatung-verden-osterholz.de\/ls\/wp-json\/wp\/v2\/types\/page"}],"author":[{"embeddable":true,"href":"https:\/\/teilhabeberatung-verden-osterholz.de\/ls\/wp-json\/wp\/v2\/users\/1"}],"replies":[{"embeddable":true,"href":"https:\/\/teilhabeberatung-verden-osterholz.de\/ls\/wp-json\/wp\/v2\/comments?post=530"}],"version-history":[{"count":0,"href":"https:\/\/teilhabeberatung-verden-osterholz.de\/ls\/wp-json\/wp\/v2\/pages\/530\/revisions"}],"wp:attachment":[{"href":"https:\/\/teilhabeberatung-verden-osterholz.de\/ls\/wp-json\/wp\/v2\/media?parent=530"}],"curies":[{"name":"wp","href":"https:\/\/api.w.org\/{rel}","templated":true}]}}